{"id":1042,"date":"2018-05-27T19:00:11","date_gmt":"2018-05-27T17:00:11","guid":{"rendered":"http:\/\/www.gemeinsame-jugendarbeit.de\/wordpress\/?page_id=1042"},"modified":"2022-11-04T12:38:02","modified_gmt":"2022-11-04T11:38:02","slug":"datenschutzerklaerung","status":"publish","type":"page","link":"https:\/\/www.gemeinsame-jugendarbeit.de\/wordpress\/datenschutzerklaerung\/","title":{"rendered":"Datenschutzerkl\u00e4rung"},"content":{"rendered":"<h3><strong>Datenschutzerkl\u00e4rung<\/strong><strong>&nbsp;<\/strong><\/h3>\n<p>&nbsp;<\/p>\n<ol>\n<li><strong> Zweck dieser Datenschutzerkl\u00e4rung<\/strong><\/li>\n<\/ol>\n<p>Die Gemeinsame Jugendarbeit der evangelischen Kirchengemeinden in Sch\u00f6tmar und Sylbach nimmt den Schutz personenbezogener Daten sehr ernst. Wir behandeln Ihre personenbezogenen Daten vertraulich und entsprechend der gesetzlichen Datenschutzvorschriften sowie dieser Datenschutzerkl\u00e4rung.<\/p>\n<p><strong>&nbsp;<\/strong><\/p>\n<ol start=\"2\">\n<li><strong> Personenbezogene Daten<\/strong><\/li>\n<\/ol>\n<p>Personenbezogene Daten sind Informationen, die dazu genutzt werden k\u00f6nnen, ihre Identit\u00e4t zu erfahren. Darunter fallen Angaben, wie ihr Vor- und\/oder Zuname, ihre Postanschrift oder ihre Telefon-\/Telefaxnummer. Au\u00dferdem ist es unter Umst\u00e4nden m\u00f6glich, dass Ihre E-Mail-Adresse mit Ihrer tats\u00e4chlichen Identit\u00e4t in Verbindung gebracht werden kann. Informationen, die nicht direkt mit Ihrer tats\u00e4chlichen Identit\u00e4t in Verbindung gebracht werden (wie z. B. favorisierte Webseiten oder Anzahl der Nutzer einer Site), fallen nicht darunter.<br \/>\nSie k\u00f6nnen unsere Seiten grunds\u00e4tzlich ohne Offenlegung Ihrer Identit\u00e4t nutzen.<br \/>\nWenn Sie mit der Gemeinsame Jugendarbeit der evangelischen Kirchengemeinden in Sch\u00f6tmar und Sylbach Kontakt aufnehmen, fragen wir Sie nach Ihrem Namen und Ihrer E-Mail-Adresse. F\u00fcr eine erfolgreiche Kontaktaufnahme sind diese Angaben notwendig.<br \/>\nAbh\u00e4ngig von Ihrem konkreten Anliegen ist es gegebenenfalls erforderlich, dass Sie weitere Angaben zu Ihrer Person \u00fcbermitteln.<br \/>\nBeachten Sie in diesem Zusammenhang bitte, dass bei der \u00dcbermittlung von Informationen \u00fcber das Internet nicht gew\u00e4hrleistet ist, dass Unbefugte w\u00e4hrend der \u00dcbermittlung keinen Zugriff auf Ihre Daten erlangen k\u00f6nnen. Im Zweifelsfall sollten Sie vertrauliche Informationen nicht per E-Mail \u00fcbertragen.<br \/>\nPersonen unter 18 Jahren sollten ohne Zustimmung der Eltern oder Erziehungsberechtigten keine personenbezogene Daten an uns \u00fcbermitteln.<\/p>\n<p><strong>&nbsp;<\/strong><\/p>\n<ol start=\"3\">\n<li><strong> Verbindungsdaten<\/strong><\/li>\n<\/ol>\n<p>In Verbindung mit Ihrem Zugriff auf unsere Seiten werden auf unserem Server automatisch Daten gespeichert, die m\u00f6glicherweise eine Identifizierung zulassen. Diese Daten werden automatisch von Ihrem Computer \u00fcbertragen und sind f\u00fcr die technische \u00dcbermittlung unserer Seiten notwendig. Dies sind im Einzelnen:<\/p>\n<ul>\n<li>Die aktuelle IP-Adresse Ihres Computers<\/li>\n<li>Datum und Uhrzeit des Abrufs<\/li>\n<li>Dateiname der abgerufenen Seite<\/li>\n<li>Verweis auf die vorgehende Seite (\u201eReferer\u201c)<\/li>\n<li>Angaben zu Ihrem Betriebssystem und Ihrer Browserversion<\/li>\n<\/ul>\n<p>Dar\u00fcber hinaus werden aus diesen Verbindungsdaten anonymisierte Informationen zu statistischen Zwecken gewonnen und dauerhaft gespeichert. Aus diesen Statistiken kann weder auf bestimmte Nutzungsverhalten einzelner Seitenbesucher noch auf personenbezogene Daten geschlossen werden.<\/p>\n<p><strong>&nbsp;<\/strong><\/p>\n<p><strong>WordPress \/ Jetpack \/ Blogs &amp; Co.<\/strong><\/p>\n<p>Diese Website benutzt <a href=\"http:\/\/wordpress.org\/extend\/plugins\/stats\/\">WordPress.com-Stats<\/a>, ein Tool zur statistischen Auswertung der Besucherzugriffe, betrieben von <a href=\"http:\/\/automattic.com\">Automattic<\/a> Inc., 60 29th Street #343, San Francisco, CA 94110-4929, USA,&nbsp;unter Einsatz der Trackingtechnologie von <a href=\"http:\/\/www.quantcast.com\">Quantcast<\/a> Inc.,&nbsp;201 3rd St, Floor 2, San Francisco, CA 94103-3153, USA. WordPress.com-Stats&nbsp;&nbsp;verwendet sog. \u201eCookies\u201c, Textdateien, die auf Ihrem Computer gespeichert werden und die eine Analyse der Benutzung der Website durch Sie erm\u00f6glichen. Die durch den Cookie erzeugten Informationen \u00fcber Ihre Benutzung dieses Internetangebotes werden auf einem Server in den USA gespeichert.&nbsp;Die IP-Adresse wird sofort nach der Verarbeitung und vor deren Speicherung anonymisiert.&nbsp;Sie k\u00f6nnen die Installation der Cookies durch eine entsprechende Einstellung Ihrer Browser-Software verhindern; wir weisen Sie jedoch darauf hin, dass Sie in diesem Fall gegebenenfalls nicht s\u00e4mtliche Funktionen dieser Website vollumf\u00e4nglich nutzen k\u00f6nnen. Sie k\u00f6nnen der Erhebung und Nutzung der Daten durch Quantcast mit Wirkung f\u00fcr die Zukunft widersprechen, indem Sie an dieser Stelle durch einen Klick auf den Link \u201eClick here to opt-out\u201c&nbsp;ein Opt-Out-Cookie in Ihrem Browser setzen: <a href=\"http:\/\/www.quantcast.com\/opt-out\">http:\/\/www.quantcast.com\/opt-out<\/a>.&nbsp;Sollten Sie alle Cookies auf Ihrem Rechner l\u00f6schen, m\u00fcssen Sie das Opt-Out-Cookie erneut setzen.<\/p>\n<p>&nbsp;<\/p>\n<p><strong>Umgang mit Kommentaren und Beitr\u00e4gen<\/strong><\/p>\n<p>Hinterlassen Sie auf dieser Website einen Beitrag oder Kommentar, wird Ihre IP-Adresse gespeichert. Dies erfolgt aufgrund unserer berechtigten Interessen im Sinne des Art. 6 Abs. 1 lit. f. DSGVO und dient der Sicherheit von uns als Websitebetreiber: Denn sollte Ihr Kommentar gegen geltendes Recht versto\u00dfen, k\u00f6nnen wir daf\u00fcr belangt werden, weshalb wir ein Interesse an der Identit\u00e4t des Kommentar- bzw. Beitragsautors haben.<\/p>\n<p>&nbsp;<\/p>\n<p><strong>Nutzung von Social-Media-Plugins von Facebook<\/strong><\/p>\n<p>Aufgrund unseres berechtigten Interesses an der Analyse, Optimierung und dem Betrieb unseres Online-Angebotes (im Sinne des Art. 6 Abs. 1 lit. f. DSGVO), verwendet diese Website das Facebook-Social-Plugin, welches von der Facebook Inc. (1 Hacker Way, Menlo Park, California 94025, USA) betrieben wird. Erkennbar sind die Einbindungen an dem Facebook-Logo bzw. an den Begriffen \u201eLike\u201c, \u201eGef\u00e4llt mir\u201c, \u201eTeilen\u201c in den Farben Facebooks (Blau und Wei\u00df). Informationen zu allen Facebook-Plugins finden Sie \u00fcber den folgenden Link: <a href=\"https:\/\/developers.facebook.com\/docs\/plugins\/\">https:\/\/developers.facebook.com\/docs\/plugins\/<\/a><\/p>\n<p>Facebook Inc. h\u00e4lt das europ\u00e4ische Datenschutzrecht ein und ist unter dem Privacy-Shield-Abkommen zertifiziert: <u><a href=\"https:\/\/www.privacyshield.gov\/participant?id=a2zt0000000GnywAAC&amp;status=Active\">https:\/\/www.privacyshield.gov\/participant?id=a2zt0000000GnywAAC&amp;status=Active<\/a><\/u><\/p>\n<p>Das Plugin stellt eine direkte Verbindung zwischen Ihrem Browser und den Facebook-Servern her. Der Websitebetreiber hat keinerlei Einfluss auf die Natur und den Umfang der Daten, welche das Plugin an die Server der Facebook Inc. \u00fcbermittelt. Informationen dazu finden Sie hier: <u><a href=\"https:\/\/www.facebook.com\/help\/186325668085084\">https:\/\/www.facebook.com\/help\/186325668085084<\/a><\/u><\/p>\n<p>Das Plugin informiert die Facebook Inc. dar\u00fcber, dass Sie als Nutzer diese Website besucht haben. Es besteht hierbei die M\u00f6glichkeit, dass Ihre IP-Adresse gespeichert wird. Sind Sie w\u00e4hrend des Besuchs auf dieser Website in Ihrem Facebook-Konto eingeloggt, werden die genannten Informationen mit diesem verkn\u00fcpft.<\/p>\n<p>Nutzen Sie die Funktionen des Plugins \u2013 etwa indem Sie einen Beitrag teilen oder \u201eliken\u201c \u2013, werden die entsprechenden Informationen ebenfalls an die Facebook Inc. \u00fcbermittelt.<\/p>\n<p>M\u00f6chten Sie verhindern, dass die Facebook. Inc. diese Daten mit Ihrem Facebook-Konto verkn\u00fcpft, loggen Sie sich bitte vor dem Besuch dieser Website bei Facebook aus und l\u00f6schen Sie die gespeicherten Cookies. \u00dcber Ihr Facebook-Profil k\u00f6nnen Sie weitere Einstellungen zur Datenverarbeitung f\u00fcr Werbezwecke t\u00e4tigen oder der Nutzung Ihrer Daten f\u00fcr Werbezwecke widersprechen. Zu den Einstellungen gelangen Sie hier:<\/p>\n<ul>\n<li>Profileinstellungen bei Facebook: <u><a href=\"https:\/\/www.facebook.com\/ads\/preferences\/?entry_product=ad_settings_screen\">https:\/\/www.facebook.com\/ads\/preferences\/?entry_product=ad_settings_screen<\/a><\/u><\/li>\n<li>Cookie-Deaktivierungsseite der US-amerikanischen Website: <u><a href=\"http:\/\/optout.aboutads.info\/?c=2#!\/\">http:\/\/optout.aboutads.info\/?c=2#!\/<\/a><\/u><\/li>\n<li>Cookie-Deaktivierungsseite der europ\u00e4ischen Website: <u><a href=\"http:\/\/optout.networkadvertising.org\/?c=1#!\/\">http:\/\/optout.networkadvertising.org\/?c=1#!\/<\/a><\/u><\/li>\n<\/ul>\n<p>Welche Daten, zu welchem Zweck und in welchem Umfang Facebook Daten erhebt, nutzt und verarbeitet und welche Rechte sowie Einstellungsm\u00f6glichkeiten Sie zum<br \/>\nSchutz Ihrer Privatsph\u00e4re haben, k\u00f6nnen Sie in den Datenschutzrichtlinien von Facebook nachlesen. Diese finden Sie hier: <u><a href=\"https:\/\/www.facebook.com\/about\/privacy\/\">https:\/\/www.facebook.com\/about\/privacy\/<\/a><\/u><\/p>\n<p><strong>GOOGLE FONTS<\/strong><\/p>\n<p>Auf diesen Internetseiten werden externe Schriften, Google Fonts verwendet. Google Fonts ist ein Dienst der Google Inc. (\u201eGoogle\u201c). Die Einbindung dieser Web Fonts erfolgt durch einen Serveraufruf, in der Regel ein Server von Google in den USA. Hierdurch wird an den Server \u00fcbermittelt, welche unserer Internetseiten Sie besucht haben. Auch wird die IP-Adresse des Browsers des Endger\u00e4tes des Besuchers dieser Internetseiten von Google gespeichert. N\u00e4here Informationen finden Sie in den Datenschutzhinweisen von Google, die Sie hier abrufen k\u00f6nnen:<br \/>\n<a href=\"http:\/\/www.google.com\/fonts#AboutPlace:about\">www.google.com\/fonts#AboutPlace:about<\/a><br \/>\n<a href=\"http:\/\/www.google.com\/policies\/privacy\/\">www.google.com\/policies\/privacy\/<\/a><\/p>\n<p>&nbsp;<\/p>\n<ol start=\"4\">\n<li><strong>Kontaktm\u00f6glichkeiten<\/strong><\/li>\n<\/ol>\n<p>Nehmen Sie mit uns als Websitebetreiber durch die angebotenen Kontaktm\u00f6glichkeiten Verbindung auf, werden Ihre Angaben gespeichert, damit auf diese zur Bearbeitung und Beantwortung Ihrer Anfrage zur\u00fcckgegriffen werden kann. Ohne Ihre Einwilligung werden diese Daten nicht an Dritte weitergegeben.<\/p>\n<p>Die Verarbeitung der in das Kontaktformular eingegebenen Daten erfolgt somit ausschlie\u00dflich auf Grundlage Ihrer Einwilligung (Art. 6 Abs. 1 lit. a DSGVO). Sie k\u00f6nnen diese Einwilligung jederzeit widerrufen. Dazu reicht eine formlose Mitteilung per E-Mail an uns. Die Rechtm\u00e4\u00dfigkeit der bis zum Widerruf erfolgten Datenverarbeitungsvorg\u00e4nge bleibt vom Widerruf unber\u00fchrt.<\/p>\n<p>Die von Ihnen im Kontaktformular eingegebenen Daten verbleiben bei uns, bis Sie uns zur L\u00f6schung auffordern, Ihre Einwilligung zur Speicherung widerrufen oder der Zweck f\u00fcr die Datenspeicherung entf\u00e4llt (z.B. nach abgeschlossener Bearbeitung Ihrer Anfrage). Zwingende gesetzliche Bestimmungen \u2013 insbesondere Aufbewahrungsfristen \u2013 bleiben unber\u00fchrt.<\/p>\n<p><strong>&nbsp;<\/strong><\/p>\n<p><strong>Anmeldung zu Angeboten und Freizeiten<br \/>\n<\/strong>Bei Anmeldungen zu Angeboten der Gemeinsamen Jugendarbeit der evangelischen Kirchengemeinden in Sch\u00f6tmar und Sylbach (z.B. Kinderbibelwochen) und Freizeiten werden personenbezogene Daten, wie Vorname, Nachname, Anschrift, Telefonnummer, E-Mailadresse und Geburtsdatum erhoben. Die im Anmeldeformular erhobenen Daten werden von uns nur intern f\u00fcr die Bearbeitung der Anmeldung und Teilnahme verwendet. Eine Weitergabe an Dritte findet nicht statt.&nbsp;<\/p>\n<p>&nbsp;<\/p>\n<ol start=\"5\">\n<li><strong> Weitergabe von Daten an Dritte<\/strong><\/li>\n<\/ol>\n<p>An uns \u00fcbermittelte personenbezogene Daten geben wir grunds\u00e4tzlich nicht an Dritte weiter.<br \/>\nSollten Sie uns mit einem Anliegen kontaktiert haben, dass die Weitergabe von personenbezogenen Daten notwendig macht, werden wir allerdings die f\u00fcr die Erf\u00fcllung des Anliegens notwendigen Daten an die zust\u00e4ndige Stelle weiterleiten. In diesem Fall bleibt der Datenschutz jedoch gew\u00e4hrleistet.<br \/>\nVerbindungsdaten werden ebenfalls nur intern ausgewertet und nicht an Dritte weitergegeben.<br \/>\nSofern wir allerdings gesetzlich oder per Gerichtsbeschluss dazu verpflichtet sind, werden wir Ihre Daten an auskunftsberechtigte Stellen \u00fcbermitteln.<\/p>\n<p><strong>&nbsp;<\/strong><\/p>\n<ol start=\"6\">\n<li><strong> Recht auf Widerruf<\/strong><\/li>\n<\/ol>\n<p>Wenn Sie uns personenbezogene Daten \u00fcberlassen haben, k\u00f6nnen Sie jederzeit die L\u00f6schung dieser Daten verlangen.<\/p>\n<p><strong>&nbsp;<\/strong><\/p>\n<ol start=\"7\">\n<li><strong> Einsatz von Cookies<\/strong><\/li>\n<\/ol>\n<p>Bei der Nutzung unserer Seiten werden von der Gemeinsamen Jugendarbeit der evangelischen Kirchengemeinden in Sch\u00f6tmar und Sylbach keine Cookies verwendet, um Nutzer zu identifizieren oder eine personalisierte Nutzung zu erm\u00f6glichen. Es ist jedoch m\u00f6glich, das Dritte w\u00e4hrend der Nutzung unserer Seiten Cookies an Ihren Computer \u00fcbermitteln.<br \/>\nDie meisten Browser sind so eingestellt, dass sie Cookies automatisch akzeptieren. Sie k\u00f6nnen das Speichern von Cookies jedoch deaktivieren oder Ihren Browser so einstellen, dass er Sie benachrichtigt, sobald Cookies gesendet werden.<\/p>\n<p><strong>&nbsp;<\/strong><\/p>\n<ol start=\"8\">\n<li><strong> Links zu anderen Websites<\/strong><\/li>\n<\/ol>\n<p>Unsere Seiten enthalten Links zu anderen Websites. Wir haben keinen Einfluss darauf, dass deren Betreiber die Datenschutzbestimmungen einhalten.<\/p>\n<p><strong>&nbsp;<\/strong><\/p>\n<ol start=\"9\">\n<li><strong> \u00c4nderungen dieser Datenschutzerkl\u00e4rung<\/strong><\/li>\n<\/ol>\n<p>Die Gemeinsame Jugendarbeit der evangelischen Kirchengemeinden in Sch\u00f6tmar und Sylbach beh\u00e4lt sich vor, diese Datenschutzerkl\u00e4rung jederzeit ohne gesonderte Ank\u00fcndigung zu \u00e4ndern. Die jeweils geltende Datenschutzerkl\u00e4rung kann auf dieser Seite eingesehen werden.<\/p>\n","protected":false},"excerpt":{"rendered":"<p>Datenschutzerkl\u00e4rung&nbsp; &nbsp; Zweck dieser Datenschutzerkl\u00e4rung Die Gemeinsame Jugendarbeit der evangelischen Kirchengemeinden in Sch\u00f6tmar und Sylbach nimmt den Schutz personenbezogener Daten sehr ernst. Wir behandeln Ihre personenbezogenen Daten vertraulich und entsprechend&#8230; <\/p>\n<div class=\"link-more\"><a href=\"https:\/\/www.gemeinsame-jugendarbeit.de\/wordpress\/datenschutzerklaerung\/\">Weiterlesen<\/a><\/div>\n","protected":false},"author":1,"featured_media":0,"parent":0,"menu_order":0,"comment_status":"closed","ping_status":"closed","template":"","meta":{"ngg_post_thumbnail":0},"jetpack_sharing_enabled":true,"jetpack_shortlink":"https:\/\/wp.me\/P8sCNj-gO","jetpack-related-posts":[{"id":76,"url":"https:\/\/www.gemeinsame-jugendarbeit.de\/wordpress\/impressum-disclaimer\/","url_meta":{"origin":1042,"position":0},"title":"Impressum &#038; Co.","author":"schwarze","date":"16. August 2015","format":false,"excerpt":"Impressum \u00a0 Gemeinsame Jugendarbeit den evangelischen Kirchengemeinden in Sch\u00f6tmar und Sylbach Axel Schwarze Vogelsang 5 32791 Lage 05232-696309 schwarze @ gemeinsame-jugendarbeit.de \u00a0 Rechtliche Hinweise Die Gemeinsame Jugendarbeit den evangelischen Kirchengemeinden in Sch\u00f6tmar und Sylbach stellt Ihnen dieses Angebot auf der Grundlage der nachfolgenden Nutzungsbedingungen und der untenstehenden Datenschutzerkl\u00e4rung zur Verf\u00fcgung.\u2026","rel":"","context":"\u00c4hnlicher Beitrag","block_context":{"text":"\u00c4hnlicher Beitrag","link":""},"img":{"alt_text":"","src":"","width":0,"height":0},"classes":[]},{"id":558,"url":"https:\/\/www.gemeinsame-jugendarbeit.de\/wordpress\/archiv\/","url_meta":{"origin":1042,"position":1},"title":"Archiv","author":"schwarze","date":"4. Juli 2017","format":false,"excerpt":"Hier findest Du \u00e4ltere Berichte \u00fcber verschiedenste Aktionen: 23. Juni 2017 Luther - Fahndung erfolgreich: Katechumenen und Konfirmanden aus den ref. Bezirken I und II machten sich am 13.06. erfolgreich auf die Suche nach - wem sonst - Martin Luther. Der gro\u00dfe Reformator war im Keller der \u00f6rtlichen Begegnungsst\u00e4tte einfach\u2026","rel":"","context":"\u00c4hnlicher Beitrag","block_context":{"text":"\u00c4hnlicher Beitrag","link":""},"img":{"alt_text":"","src":"https:\/\/i0.wp.com\/www.gemeinsame-jugendarbeit.de\/wordpress\/wp-content\/uploads\/2017\/05\/20170326_182323-300x225.jpg?resize=350%2C200","width":350,"height":200},"classes":[]},{"id":1619,"url":"https:\/\/www.gemeinsame-jugendarbeit.de\/wordpress\/104-fotos\/","url_meta":{"origin":1042,"position":2},"title":"104 Fotos","author":"schwarze","date":"20. M\u00e4rz 2020","format":false,"excerpt":"Hallo Leute. Die Jugendlichen der GJA haben seit Beginn der Coronazeit ein Projekt am Start: 104 Fotos! Zuerst galt es Fotos zu vorgegeben Begriffen zu machen. Dabei sind tolle Aufnahmen entstanden und die 104 Fotos waren irgendwann erreicht. Aber das Projekt geht weiter: Macht weiter Fotos, gebt ihnen einen Titel\u2026","rel":"","context":"\u00c4hnlicher Beitrag","block_context":{"text":"\u00c4hnlicher Beitrag","link":""},"img":{"alt_text":"","src":"","width":0,"height":0},"classes":[]},{"id":2123,"url":"https:\/\/www.gemeinsame-jugendarbeit.de\/wordpress\/kibiwo-mal-anders\/","url_meta":{"origin":1042,"position":3},"title":"Kibiwo mal anders","author":"schwarze","date":"21. Oktober 2020","format":false,"excerpt":"\u00a0 Kinderbibelwochebei Dir zu Hause Leider kann die Kinderbibelwoche in Sch\u00f6tmar coronabedingt nicht stattfinden, aber \"Kirche Unterwegs\" (von denen wir f\u00fcr unsere Kinderbibelwochen die Materialien bekommen), hat eine Online-KiBiWo erstellt.Dazu geh\u00f6rt jeweils ein Video mit Liedern, eine Geschichte und Spiele und Bastelvorschl\u00e4ge. Das, was ihr daf\u00fcr braucht, wird in den\u2026","rel":"","context":"\u00c4hnlicher Beitrag","block_context":{"text":"\u00c4hnlicher Beitrag","link":""},"img":{"alt_text":"","src":"https:\/\/i0.wp.com\/www.gemeinsame-jugendarbeit.de\/wordpress\/wp-content\/uploads\/2018\/02\/kibiwo_mauer-1.png?resize=350%2C200&ssl=1","width":350,"height":200,"srcset":"https:\/\/i0.wp.com\/www.gemeinsame-jugendarbeit.de\/wordpress\/wp-content\/uploads\/2018\/02\/kibiwo_mauer-1.png?resize=350%2C200&ssl=1 1x, https:\/\/i0.wp.com\/www.gemeinsame-jugendarbeit.de\/wordpress\/wp-content\/uploads\/2018\/02\/kibiwo_mauer-1.png?resize=525%2C300&ssl=1 1.5x"},"classes":[]},{"id":30,"url":"https:\/\/www.gemeinsame-jugendarbeit.de\/wordpress\/veranstaltungen\/","url_meta":{"origin":1042,"position":4},"title":"Angebote f\u00fcr Kinder und Jugendliche","author":"schwarze","date":"16. August 2015","format":false,"excerpt":"Du willst etwas erleben - dann bist Du bei uns genau richtig! \u00a0 Es gibt tolle Angebote f\u00fcr Kinder und Jugendliche. Die Palette reicht dabei von Gruppenangeboten f\u00fcr unterschiedliche Altersgruppen, wie Jungscharen oder Jugendkreise. Gottesdienste f\u00fcr Kinder, Jugendliche und Familien geh\u00f6ren genauso dazu wie Freizeiten, Konzerte, Aktionen, Kinderbibelwochen, Kinderzeltlager, Ausfl\u00fcge,\u2026","rel":"","context":"\u00c4hnlicher Beitrag","block_context":{"text":"\u00c4hnlicher Beitrag","link":""},"img":{"alt_text":"","src":"https:\/\/i0.wp.com\/www.gemeinsame-jugendarbeit.de\/wordpress\/wp-content\/uploads\/2015\/08\/minigd_schirme-1.jpg?fit=1200%2C894&ssl=1&resize=350%2C200","width":350,"height":200,"srcset":"https:\/\/i0.wp.com\/www.gemeinsame-jugendarbeit.de\/wordpress\/wp-content\/uploads\/2015\/08\/minigd_schirme-1.jpg?fit=1200%2C894&ssl=1&resize=350%2C200 1x, https:\/\/i0.wp.com\/www.gemeinsame-jugendarbeit.de\/wordpress\/wp-content\/uploads\/2015\/08\/minigd_schirme-1.jpg?fit=1200%2C894&ssl=1&resize=525%2C300 1.5x, https:\/\/i0.wp.com\/www.gemeinsame-jugendarbeit.de\/wordpress\/wp-content\/uploads\/2015\/08\/minigd_schirme-1.jpg?fit=1200%2C894&ssl=1&resize=700%2C400 2x, https:\/\/i0.wp.com\/www.gemeinsame-jugendarbeit.de\/wordpress\/wp-content\/uploads\/2015\/08\/minigd_schirme-1.jpg?fit=1200%2C894&ssl=1&resize=1050%2C600 3x"},"classes":[]},{"id":2849,"url":"https:\/\/www.gemeinsame-jugendarbeit.de\/wordpress\/kibiwo-2021-pause-am-samstag\/","url_meta":{"origin":1042,"position":5},"title":"Kibiwo 2021 &#8211; (Pause am) Samstag","author":"schwarze","date":"10. April 2021","format":false,"excerpt":"Am Samstag ist Pause in der Kinderbibelwoche.Dennoch gibt es f\u00fcr Euch ein paar Infos, was neben der Kibiwo noch alles angeboten wird.Aber erst einmal etwas Musik:https:\/\/www.youtube.com\/watch?v=IMCeBIDHHhU Was gibt es denn noch so f\u00fcr Euch? Hier sind 2 Tipps f\u00fcr tolle weitere Onlineangebote aus Bad Salzuflen:\"Felix und seine Freunde\" - Die\u2026","rel":"","context":"\u00c4hnlicher Beitrag","block_context":{"text":"\u00c4hnlicher Beitrag","link":""},"img":{"alt_text":"","src":"","width":0,"height":0},"classes":[]}],"publishpress_future_action":{"enabled":false,"date":"2026-04-23 01:54:41","action":"change-status","newStatus":"draft","terms":[],"taxonomy":""},"publishpress_future_workflow_manual_trigger":{"enabledWorkflows":[]},"_links":{"self":[{"href":"https:\/\/www.gemeinsame-jugendarbeit.de\/wordpress\/wp-json\/wp\/v2\/pages\/1042"}],"collection":[{"href":"https:\/\/www.gemeinsame-jugendarbeit.de\/wordpress\/wp-json\/wp\/v2\/pages"}],"about":[{"href":"https:\/\/www.gemeinsame-jugendarbeit.de\/wordpress\/wp-json\/wp\/v2\/types\/page"}],"author":[{"embeddable":true,"href":"https:\/\/www.gemeinsame-jugendarbeit.de\/wordpress\/wp-json\/wp\/v2\/users\/1"}],"replies":[{"embeddable":true,"href":"https:\/\/www.gemeinsame-jugendarbeit.de\/wordpress\/wp-json\/wp\/v2\/comments?post=1042"}],"version-history":[{"count":5,"href":"https:\/\/www.gemeinsame-jugendarbeit.de\/wordpress\/wp-json\/wp\/v2\/pages\/1042\/revisions"}],"predecessor-version":[{"id":3739,"href":"https:\/\/www.gemeinsame-jugendarbeit.de\/wordpress\/wp-json\/wp\/v2\/pages\/1042\/revisions\/3739"}],"wp:attachment":[{"href":"https:\/\/www.gemeinsame-jugendarbeit.de\/wordpress\/wp-json\/wp\/v2\/media?parent=1042"}],"curies":[{"name":"wp","href":"https:\/\/api.w.org\/{rel}","templated":true}]}}