{"id":1619,"date":"2020-03-20T13:35:03","date_gmt":"2020-03-20T12:35:03","guid":{"rendered":"http:\/\/www.gemeinsame-jugendarbeit.de\/wordpress\/?page_id=1619"},"modified":"2020-08-06T17:46:14","modified_gmt":"2020-08-06T15:46:14","slug":"104-fotos","status":"publish","type":"page","link":"https:\/\/www.gemeinsame-jugendarbeit.de\/wordpress\/104-fotos\/","title":{"rendered":"104 Fotos"},"content":{"rendered":"<h4>Hallo Leute.<\/h4>\n<h4>Die Jugendlichen der GJA haben seit Beginn der Coronazeit ein Projekt am Start: 104 Fotos!<br \/>\nZuerst galt es Fotos zu vorgegeben Begriffen zu machen. Dabei sind tolle Aufnahmen entstanden und die 104 Fotos waren irgendwann erreicht.<\/h4>\n<h4>Aber das Projekt geht weiter:<br \/>\nMacht weiter Fotos, gebt ihnen einen Titel und schickt sie mir.<br \/>\nDenn genau das ist das Besondere &#8211; ihr macht die Fotos mit eurem Focus, mit eurem Blickwinkel, so wie ihr sie gut findet. Mit dem Fotoapparat oder eurem Handy. Dabei gibt es kein richtig oder falsch, nur eure Kreativit\u00e4t.<\/h4>\n<h4>Und dies sind die Ergebnisse:<\/h4>\nngg_shortcode_0_placeholder\n<h4>&nbsp;<\/h4>\n<h4>Du hast auch coole Fotos gemacht? Dann gib ihnen einen Namen und schick sie mir an kontakt (\u00e4t) gemeinsame-jugendarbeit.de.<\/h4>\n<h4>Und dann erscheinen sie auch in der Galerie. \ud83d\ude42<\/h4>\n<p>&nbsp;<\/p>\n","protected":false},"excerpt":{"rendered":"<p>Hallo Leute. Die Jugendlichen der GJA haben seit Beginn der Coronazeit ein Projekt am Start: 104 Fotos! Zuerst galt es Fotos zu vorgegeben Begriffen zu machen. Dabei sind tolle Aufnahmen&#8230; <\/p>\n<div class=\"link-more\"><a href=\"https:\/\/www.gemeinsame-jugendarbeit.de\/wordpress\/104-fotos\/\">Weiterlesen<\/a><\/div>\n","protected":false},"author":1,"featured_media":0,"parent":0,"menu_order":0,"comment_status":"closed","ping_status":"closed","template":"","meta":{"ngg_post_thumbnail":0},"jetpack_sharing_enabled":true,"jetpack_shortlink":"https:\/\/wp.me\/P8sCNj-q7","jetpack-related-posts":[{"id":1042,"url":"https:\/\/www.gemeinsame-jugendarbeit.de\/wordpress\/datenschutzerklaerung\/","url_meta":{"origin":1619,"position":0},"title":"Datenschutzerkl\u00e4rung","author":"schwarze","date":"27. Mai 2018","format":false,"excerpt":"Datenschutzerkl\u00e4rung\u00a0 \u00a0 Zweck dieser Datenschutzerkl\u00e4rung Die Gemeinsame Jugendarbeit der evangelischen Kirchengemeinden in Sch\u00f6tmar und Sylbach nimmt den Schutz personenbezogener Daten sehr ernst. Wir behandeln Ihre personenbezogenen Daten vertraulich und entsprechend der gesetzlichen Datenschutzvorschriften sowie dieser Datenschutzerkl\u00e4rung. \u00a0 Personenbezogene Daten Personenbezogene Daten sind Informationen, die dazu genutzt werden k\u00f6nnen, ihre Identit\u00e4t\u2026","rel":"","context":"\u00c4hnlicher Beitrag","block_context":{"text":"\u00c4hnlicher Beitrag","link":""},"img":{"alt_text":"","src":"","width":0,"height":0},"classes":[]},{"id":76,"url":"https:\/\/www.gemeinsame-jugendarbeit.de\/wordpress\/impressum-disclaimer\/","url_meta":{"origin":1619,"position":1},"title":"Impressum &#038; Co.","author":"schwarze","date":"16. August 2015","format":false,"excerpt":"Impressum \u00a0 Gemeinsame Jugendarbeit den evangelischen Kirchengemeinden in Sch\u00f6tmar und Sylbach Axel Schwarze Vogelsang 5 32791 Lage 05232-696309 schwarze @ gemeinsame-jugendarbeit.de \u00a0 Rechtliche Hinweise Die Gemeinsame Jugendarbeit den evangelischen Kirchengemeinden in Sch\u00f6tmar und Sylbach stellt Ihnen dieses Angebot auf der Grundlage der nachfolgenden Nutzungsbedingungen und der untenstehenden Datenschutzerkl\u00e4rung zur Verf\u00fcgung.\u2026","rel":"","context":"\u00c4hnlicher Beitrag","block_context":{"text":"\u00c4hnlicher Beitrag","link":""},"img":{"alt_text":"","src":"","width":0,"height":0},"classes":[]},{"id":2123,"url":"https:\/\/www.gemeinsame-jugendarbeit.de\/wordpress\/kibiwo-mal-anders\/","url_meta":{"origin":1619,"position":2},"title":"Kibiwo mal anders","author":"schwarze","date":"21. Oktober 2020","format":false,"excerpt":"\u00a0 Kinderbibelwochebei Dir zu Hause Leider kann die Kinderbibelwoche in Sch\u00f6tmar coronabedingt nicht stattfinden, aber \"Kirche Unterwegs\" (von denen wir f\u00fcr unsere Kinderbibelwochen die Materialien bekommen), hat eine Online-KiBiWo erstellt.Dazu geh\u00f6rt jeweils ein Video mit Liedern, eine Geschichte und Spiele und Bastelvorschl\u00e4ge. Das, was ihr daf\u00fcr braucht, wird in den\u2026","rel":"","context":"\u00c4hnlicher Beitrag","block_context":{"text":"\u00c4hnlicher Beitrag","link":""},"img":{"alt_text":"","src":"https:\/\/i0.wp.com\/www.gemeinsame-jugendarbeit.de\/wordpress\/wp-content\/uploads\/2018\/02\/kibiwo_mauer-1.png?resize=350%2C200&ssl=1","width":350,"height":200,"srcset":"https:\/\/i0.wp.com\/www.gemeinsame-jugendarbeit.de\/wordpress\/wp-content\/uploads\/2018\/02\/kibiwo_mauer-1.png?resize=350%2C200&ssl=1 1x, https:\/\/i0.wp.com\/www.gemeinsame-jugendarbeit.de\/wordpress\/wp-content\/uploads\/2018\/02\/kibiwo_mauer-1.png?resize=525%2C300&ssl=1 1.5x"},"classes":[]},{"id":558,"url":"https:\/\/www.gemeinsame-jugendarbeit.de\/wordpress\/archiv\/","url_meta":{"origin":1619,"position":3},"title":"Archiv","author":"schwarze","date":"4. Juli 2017","format":false,"excerpt":"Hier findest Du \u00e4ltere Berichte \u00fcber verschiedenste Aktionen: 23. Juni 2017 Luther - Fahndung erfolgreich: Katechumenen und Konfirmanden aus den ref. Bezirken I und II machten sich am 13.06. erfolgreich auf die Suche nach - wem sonst - Martin Luther. Der gro\u00dfe Reformator war im Keller der \u00f6rtlichen Begegnungsst\u00e4tte einfach\u2026","rel":"","context":"\u00c4hnlicher Beitrag","block_context":{"text":"\u00c4hnlicher Beitrag","link":""},"img":{"alt_text":"","src":"https:\/\/i0.wp.com\/www.gemeinsame-jugendarbeit.de\/wordpress\/wp-content\/uploads\/2017\/05\/20170326_182323-300x225.jpg?resize=350%2C200","width":350,"height":200},"classes":[]},{"id":2704,"url":"https:\/\/www.gemeinsame-jugendarbeit.de\/wordpress\/kibiwo-2021-tag-4\/","url_meta":{"origin":1619,"position":4},"title":"KiBiWo 2021 &#8211; Tag 4","author":"schwarze","date":"5. April 2021","format":false,"excerpt":"Hallo von Svea. https:\/\/youtu.be\/89rSjaGtl5E Das Video zu Tag 4. https:\/\/youtu.be\/PGmpmGWPjyg Das Mitmach-Musik-Video. https:\/\/www.youtube.com\/watch?v=0CX0uWowD8A Jetzt geht's weiter ... Bastel \/ Aktion PDF Am Samstag macht die Kibiwo eine kleine Pause. Dann posten wir hier einige Onlineangebote, die sich f\u00fcr Euch lohnen k\u00f6nnen. Am Sonntag geht es hier auf der Homepage mit\u2026","rel":"","context":"\u00c4hnlicher Beitrag","block_context":{"text":"\u00c4hnlicher Beitrag","link":""},"img":{"alt_text":"","src":"https:\/\/i0.wp.com\/www.gemeinsame-jugendarbeit.de\/wordpress\/wp-content\/uploads\/2021\/04\/kbw_2021_Anleitungen_Bastel_Aktionen_Tag-725x1024.jpg?resize=350%2C200","width":350,"height":200,"srcset":"https:\/\/i0.wp.com\/www.gemeinsame-jugendarbeit.de\/wordpress\/wp-content\/uploads\/2021\/04\/kbw_2021_Anleitungen_Bastel_Aktionen_Tag-725x1024.jpg?resize=350%2C200 1x, https:\/\/i0.wp.com\/www.gemeinsame-jugendarbeit.de\/wordpress\/wp-content\/uploads\/2021\/04\/kbw_2021_Anleitungen_Bastel_Aktionen_Tag-725x1024.jpg?resize=525%2C300 1.5x, https:\/\/i0.wp.com\/www.gemeinsame-jugendarbeit.de\/wordpress\/wp-content\/uploads\/2021\/04\/kbw_2021_Anleitungen_Bastel_Aktionen_Tag-725x1024.jpg?resize=700%2C400 2x"},"classes":[]},{"id":2653,"url":"https:\/\/www.gemeinsame-jugendarbeit.de\/wordpress\/kibiwo-2021-zu-hause-erleben\/","url_meta":{"origin":1619,"position":5},"title":"Kibiwo 2021 &#8222;zu Hause erleben&#8220;","author":"schwarze","date":"2. April 2021","format":false,"excerpt":"Hallo!Herzlich willkommen zur Kinderbibelwoche 2021!Toll, dass Du mit dabei bist. Zusammen mit dem K\u00fcnstler Theodor und der Schnecke Tiffany k\u00f6nnt Ihr diese Woche tolle Sachen erleben.F\u00fcr jeden Tag gibt es hier einen bunten Mix mit den Bibelvideos, einem Liedvorschlag, passenden Bastel-, Spiel-, und Aktionsvorschl\u00e4gen und jeweils einem Begr\u00fc\u00dfungsvideo unserer Mitarbeitenden.Klickt\u2026","rel":"","context":"\u00c4hnlicher Beitrag","block_context":{"text":"\u00c4hnlicher Beitrag","link":""},"img":{"alt_text":"","src":"https:\/\/i0.wp.com\/www.gemeinsame-jugendarbeit.de\/wordpress\/wp-content\/uploads\/2021\/04\/kbw2021_plakat_neu_ohneDatum-768x1085.jpg?resize=350%2C200","width":350,"height":200,"srcset":"https:\/\/i0.wp.com\/www.gemeinsame-jugendarbeit.de\/wordpress\/wp-content\/uploads\/2021\/04\/kbw2021_plakat_neu_ohneDatum-768x1085.jpg?resize=350%2C200 1x, https:\/\/i0.wp.com\/www.gemeinsame-jugendarbeit.de\/wordpress\/wp-content\/uploads\/2021\/04\/kbw2021_plakat_neu_ohneDatum-768x1085.jpg?resize=525%2C300 1.5x, https:\/\/i0.wp.com\/www.gemeinsame-jugendarbeit.de\/wordpress\/wp-content\/uploads\/2021\/04\/kbw2021_plakat_neu_ohneDatum-768x1085.jpg?resize=700%2C400 2x"},"classes":[]}],"publishpress_future_action":{"enabled":false,"date":"2026-05-09 17:47:04","action":"change-status","newStatus":"draft","terms":[],"taxonomy":""},"publishpress_future_workflow_manual_trigger":{"enabledWorkflows":[]},"_links":{"self":[{"href":"https:\/\/www.gemeinsame-jugendarbeit.de\/wordpress\/wp-json\/wp\/v2\/pages\/1619"}],"collection":[{"href":"https:\/\/www.gemeinsame-jugendarbeit.de\/wordpress\/wp-json\/wp\/v2\/pages"}],"about":[{"href":"https:\/\/www.gemeinsame-jugendarbeit.de\/wordpress\/wp-json\/wp\/v2\/types\/page"}],"author":[{"embeddable":true,"href":"https:\/\/www.gemeinsame-jugendarbeit.de\/wordpress\/wp-json\/wp\/v2\/users\/1"}],"replies":[{"embeddable":true,"href":"https:\/\/www.gemeinsame-jugendarbeit.de\/wordpress\/wp-json\/wp\/v2\/comments?post=1619"}],"version-history":[{"count":14,"href":"https:\/\/www.gemeinsame-jugendarbeit.de\/wordpress\/wp-json\/wp\/v2\/pages\/1619\/revisions"}],"predecessor-version":[{"id":1869,"href":"https:\/\/www.gemeinsame-jugendarbeit.de\/wordpress\/wp-json\/wp\/v2\/pages\/1619\/revisions\/1869"}],"wp:attachment":[{"href":"https:\/\/www.gemeinsame-jugendarbeit.de\/wordpress\/wp-json\/wp\/v2\/media?parent=1619"}],"curies":[{"name":"wp","href":"https:\/\/api.w.org\/{rel}","templated":true}]}}