{"id":2378,"date":"2020-12-28T10:33:10","date_gmt":"2020-12-28T09:33:10","guid":{"rendered":"http:\/\/www.gemeinsame-jugendarbeit.de\/wordpress\/?page_id=2378"},"modified":"2020-12-28T10:36:50","modified_gmt":"2020-12-28T09:36:50","slug":"cvjm-sylbach-spieleverleih-2020-2021","status":"publish","type":"page","link":"https:\/\/www.gemeinsame-jugendarbeit.de\/wordpress\/cvjm-sylbach-spieleverleih-2020-2021\/","title":{"rendered":"CVJM Sylbach &#8211; Spieleverleih 2020\/2021"},"content":{"rendered":"\n<div class=\"wpcf7 no-js\" id=\"wpcf7-f2377-o1\" lang=\"de-DE\" dir=\"ltr\">\n<div class=\"screen-reader-response\"><p role=\"status\" aria-live=\"polite\" aria-atomic=\"true\"><\/p> <ul><\/ul><\/div>\n<form action=\"\/wordpress\/wp-json\/wp\/v2\/pages\/2378#wpcf7-f2377-o1\" method=\"post\" class=\"wpcf7-form init\" aria-label=\"Kontaktformular\" novalidate=\"novalidate\" data-status=\"init\">\n<div style=\"display: none;\">\n<input type=\"hidden\" name=\"_wpcf7\" value=\"2377\" \/>\n<input type=\"hidden\" name=\"_wpcf7_version\" value=\"5.7.5.1\" \/>\n<input type=\"hidden\" name=\"_wpcf7_locale\" value=\"de_DE\" \/>\n<input type=\"hidden\" name=\"_wpcf7_unit_tag\" value=\"wpcf7-f2377-o1\" \/>\n<input type=\"hidden\" name=\"_wpcf7_container_post\" value=\"0\" \/>\n<input type=\"hidden\" name=\"_wpcf7_posted_data_hash\" value=\"\" \/>\n<\/div>\n<p><!DOCTYPE html>\n<\/p>\n<html>\n\t<body>\n\t\t<font color=#000000>\n\t\t\t<big>\n\t\t\t\t<p><b><br \/>\nDatenerfassung f\u00fcr den Spieleverleih des CVJM Sylbach 2020\/2021<\/b>\n\t\t\t\t<\/p>\n\t\t\t<\/big>\n\t\t\t<p><b><br \/>\nBitte f\u00fcr die Antwortmail eintagen:<br \/>\n<\/b>\n\t\t\t<\/p>\n\t\t\t<p>Ihr Name (Pflichtfeld)\n\t\t\t<\/p>\n\t\t\t<p><span class=\"wpcf7-form-control-wrap\" data-name=\"your-name\"><input size=\"40\" class=\"wpcf7-form-control wpcf7-text wpcf7-validates-as-required\" aria-required=\"true\" aria-invalid=\"false\" value=\"\" type=\"text\" name=\"your-name\" \/><\/span>\n\t\t\t<\/p>\n\t\t\t<p>Ihre E-Mail-Adresse (Pflichtfeld)\n\t\t\t<\/p>\n\t\t\t<p><span class=\"wpcf7-form-control-wrap\" data-name=\"your-email\"><input size=\"40\" class=\"wpcf7-form-control wpcf7-text wpcf7-email wpcf7-validates-as-required wpcf7-validates-as-email\" aria-required=\"true\" aria-invalid=\"false\" value=\"\" type=\"email\" name=\"your-email\" \/><\/span>\n\t\t\t<\/p>\n\t\t\t<p><u>\n\t\t\t\t\t<big>Ich m\u00f6chte mir folgende*s Spiel*e ausleihen.\n\t\t\t\t\t<\/big><\/u><br \/>\nAber zuerst meine Daten:\n\t\t\t<\/p>\n\t\t\t<p><b>Name:<\/b>&nbsp;&nbsp;&nbsp;&nbsp;&nbsp;&nbsp;&nbsp;&nbsp;&nbsp;&nbsp;&nbsp;&nbsp;&nbsp;&nbsp;&nbsp;&nbsp;&nbsp;&nbsp;&nbsp;&nbsp;&nbsp;&nbsp;&nbsp;&nbsp;&nbsp;&nbsp;&nbsp;&nbsp;&nbsp;&nbsp;<span class=\"wpcf7-form-control-wrap\" data-name=\"Name\"><input size=\"40\" class=\"wpcf7-form-control wpcf7-text\" aria-invalid=\"false\" value=\"\" type=\"text\" name=\"Name\" \/><\/span><br \/>\n<b>Vorname:<\/b>&nbsp;&nbsp;&nbsp;&nbsp;&nbsp;&nbsp;&nbsp;&nbsp;&nbsp;&nbsp;&nbsp;&nbsp;&nbsp;&nbsp;&nbsp;&nbsp;&nbsp;&nbsp;&nbsp;&nbsp;&nbsp;&nbsp;<span class=\"wpcf7-form-control-wrap\" data-name=\"Vorname\"><input size=\"40\" class=\"wpcf7-form-control wpcf7-text\" aria-invalid=\"false\" value=\"\" type=\"text\" name=\"Vorname\" \/><\/span><br \/>\n<b>Strasse, Haus-Nr.:<\/b>&nbsp;&nbsp;&nbsp;&nbsp;<span class=\"wpcf7-form-control-wrap\" data-name=\"strasse\"><input size=\"40\" class=\"wpcf7-form-control wpcf7-text\" aria-invalid=\"false\" value=\"\" type=\"text\" name=\"strasse\" \/><\/span><br \/>\n<b>PLZ, Ort:<\/b>&nbsp;&nbsp;&nbsp;&nbsp;&nbsp;&nbsp;&nbsp;&nbsp;&nbsp;&nbsp;&nbsp;&nbsp;&nbsp;&nbsp;&nbsp;&nbsp;&nbsp;&nbsp;&nbsp;&nbsp;&nbsp;&nbsp;&nbsp;&nbsp;<span class=\"wpcf7-form-control-wrap\" data-name=\"ort\"><input size=\"40\" class=\"wpcf7-form-control wpcf7-text\" aria-invalid=\"false\" value=\"\" type=\"text\" name=\"ort\" \/><\/span><br \/>\n<b>Telefon:<\/b> &nbsp;&nbsp;&nbsp;&nbsp;&nbsp;&nbsp;&nbsp;&nbsp;&nbsp;&nbsp;&nbsp;&nbsp;&nbsp;&nbsp;&nbsp;&nbsp;&nbsp;&nbsp;&nbsp;&nbsp;&nbsp;&nbsp;&nbsp;&nbsp;&nbsp;&nbsp;<span class=\"wpcf7-form-control-wrap\" data-name=\"texttelefonemailTeilnehmer\"><input size=\"40\" class=\"wpcf7-form-control wpcf7-text\" aria-invalid=\"false\" value=\"\" type=\"text\" name=\"texttelefonemailTeilnehmer\" \/><\/span>\n\t\t\t<\/p>\n\t\t\t<p><b>ausgeliehene Spiele:&nbsp;&nbsp;&nbsp;&nbsp;&nbsp;&nbsp;&nbsp;&nbsp;&nbsp;&nbsp;&nbsp;&nbsp;&nbsp;&nbsp;&nbsp;&nbsp;&nbsp;&nbsp;&nbsp;&nbsp;&nbsp;&nbsp;&nbsp;&nbsp;<\/b><span class=\"wpcf7-form-control-wrap\" data-name=\"textarea-673\"><textarea cols=\"40\" rows=\"10\" class=\"wpcf7-form-control wpcf7-textarea\" aria-invalid=\"false\" name=\"textarea-673\"><\/textarea><\/span><br \/>\n<b>Ausleihdatum:<\/b> &nbsp;&nbsp;&nbsp;&nbsp;&nbsp;&nbsp;&nbsp;&nbsp;&nbsp;&nbsp;&nbsp;&nbsp;&nbsp;&nbsp;&nbsp;&nbsp;&nbsp;&nbsp;&nbsp;&nbsp;&nbsp;&nbsp;&nbsp;&nbsp;&nbsp;<span class=\"wpcf7-form-control-wrap\" data-name=\"date-575\"><input class=\"wpcf7-form-control wpcf7-date wpcf7-validates-as-date\" aria-invalid=\"false\" value=\"\" type=\"date\" name=\"date-575\" \/><\/span>\n\t\t\t<\/p>\n\t\t\t<p><b><u>Rechtliche Hinweise & Erkl\u00e4rungen:<\/u><\/b>\n\t\t\t<\/p>\n\t\t\t<p><b><u>Datenschutzrechtliche Einwilligungserkl\u00e4rung:<\/u><\/b><br \/>\nIch willige ein, dass der Veranstalter im erforderlichen Umfang Daten zu meiner Person erhebt, verarbeitet, speichert und nutzt. Diese Daten werden zur Abwicklung der Veranstaltung und evtl. zur Zusendung von weiteren Informationen ben\u00f6tigt. Ich nehme zur Kenntnis, dass meine personenbezogenen Daten nicht an Dritte weitergegeben werden.<br \/>\nIch kann diese Einwilligung jederzeit formlos widerrufen. Ferner habe ich jederzeit das Recht zur Einsicht, Auskunft, Berichtigung und ggf. L\u00f6schung der gespeicherten Daten. Die ausf\u00fchrliche Datenschutzerkl\u00e4rung finden Sie hier unter -> www.cvjm-sylbach.de\/datenschutz\/\n\t\t\t<\/p>\n\t\t\t<p>Ich kann diese Einwilligung jederzeit formlos widerrufen. Ferner habe ich jederzeit das Recht zur Einsicht, Auskunft, Berichtigung und ggf. L\u00f6schung der gespeicherten Daten.\n\t\t\t<\/p>\n\t\t<\/font>\n\t\t<font color=#FF0000>\n\t\t\t<p><b><span class=\"wpcf7-form-control-wrap\" data-name=\"Datenschutz\"><span class=\"wpcf7-form-control wpcf7-acceptance\"><span class=\"wpcf7-list-item\"><input type=\"checkbox\" name=\"Datenschutz\" value=\"1\" aria-invalid=\"false\" \/><\/span><\/span><\/span> JA, ich willige ein.<\/b> (bitte 'JA' anklicken)\n\t\t\t<\/p>\n\t\t<\/font>\n\t\t<p><b>Datum:<\/b><span class=\"wpcf7-form-control-wrap\" data-name=\"datum\"><input size=\"40\" class=\"wpcf7-form-control wpcf7-text\" aria-invalid=\"false\" value=\"\" type=\"text\" name=\"datum\" \/><\/span>\n\t\t<\/p>\n\t\t<p><input class=\"wpcf7-form-control has-spinner wpcf7-submit\" type=\"submit\" value=\"Senden\" \/>\n\t\t<\/p>\n\t\t<font color=#FF0000>\n\t\t\t<p><strong>(Nach dem Senden wird unten diesem Text angezeigt, ob die \u00dcbertragung erfolgreich war. Au\u00dferdem wird eine Best\u00e4tigungsmail an Ihre eingegebene Mailadresse gesendet.)<\/strong>\n\t\t\t\t<font color=#FF0000>\n\t\t\t\t<\/font>\n\t\t\t<\/p>\n\t\t<\/font>\n\t<\/body>\n<\/html>\n<font color=#000000>\n<\/font><div class=\"wpcf7-response-output\" aria-hidden=\"true\"><\/div>\n<\/form>\n<\/div>\n\n","protected":false},"excerpt":{"rendered":"","protected":false},"author":1,"featured_media":0,"parent":0,"menu_order":0,"comment_status":"closed","ping_status":"closed","template":"","meta":{"ngg_post_thumbnail":0},"jetpack_sharing_enabled":true,"jetpack_shortlink":"https:\/\/wp.me\/P8sCNj-Cm","jetpack-related-posts":[{"id":3057,"url":"https:\/\/www.gemeinsame-jugendarbeit.de\/wordpress\/anmeldung-familiennachmittag-2021-in-sylbach\/","url_meta":{"origin":2378,"position":0},"title":"Anmeldung Familiennachmittag 2021 in Sylbach","author":"schwarze","date":"9. Juni 2021","format":false,"excerpt":"","rel":"","context":"\u00c4hnlicher Beitrag","block_context":{"text":"\u00c4hnlicher Beitrag","link":""},"img":{"alt_text":"","src":"","width":0,"height":0},"classes":[]},{"id":73,"url":"https:\/\/www.gemeinsame-jugendarbeit.de\/wordpress\/links\/","url_meta":{"origin":2378,"position":1},"title":"Links","author":"schwarze","date":"16. August 2015","format":false,"excerpt":"Hier findest Du Links zu den Kirchengemeinden, die zur Gemeinsamen Jugendarbeit geh\u00f6ren. Und weitere interessanten Seiten! ev. - ref. Kirchengemeinde Sch\u00f6tmar ev. - luth. Kirchengemeinde Sch\u00f6tmar-Knetterheide ev. - ref. Kirchengemeinde Sylbach CVJM Sylbach e.V. CVJM Sch\u00f6tmar-Werl Aspe e.V. (in Bearbeitung) Ten Sing Knetterheide CVJM Lippe e.V. Lippische Landeskirche FCMG @on\u2026","rel":"","context":"\u00c4hnlicher Beitrag","block_context":{"text":"\u00c4hnlicher Beitrag","link":""},"img":{"alt_text":"","src":"","width":0,"height":0},"classes":[]},{"id":38,"url":"https:\/\/www.gemeinsame-jugendarbeit.de\/wordpress\/kinder\/","url_meta":{"origin":2378,"position":2},"title":"Das gibt&#8217;s f\u00fcr Kinder","author":"schwarze","date":"16. August 2015","format":false,"excerpt":"Jugendliche \u00a0 Gottesdienste \u00a0\u00a0 zur\u00fcck \u00a0 \u00a0 CVJM Minijungschar - Kinder, 6-9 Jahre \u00a0\u00a0\u00a0\u00a0\u00a0\u00a0\u00a0\u00a0\u00a0 mittwochs, 17.00 \u2013 18.15 Uhr, Vereinshaus Sylbach CVJM Jungschar - Kinder, 9-12 Jahre \u00a0\u00a0\u00a0\u00a0\u00a0\u00a0\u00a0\u00a0\u00a0 freitags, 17.00 \u2013 18.30 Uhr, Vereinshaus Sylbach Jungschar Rasselbande - Kinder, 6-11 Jahre \u00a0\u00a0\u00a0\u00a0\u00a0\u00a0\u00a0\u00a0\u00a0 donnerstags, 16.00 \u2013 17.30 Uhr, Trinitatiskirche Kinderbibelwoche -\u2026","rel":"","context":"\u00c4hnlicher Beitrag","block_context":{"text":"\u00c4hnlicher Beitrag","link":""},"img":{"alt_text":"","src":"https:\/\/i0.wp.com\/www.gemeinsame-jugendarbeit.de\/wordpress\/wp-content\/uploads\/2015\/08\/DSC_0248-1.jpg?fit=1200%2C795&ssl=1&resize=350%2C200","width":350,"height":200,"srcset":"https:\/\/i0.wp.com\/www.gemeinsame-jugendarbeit.de\/wordpress\/wp-content\/uploads\/2015\/08\/DSC_0248-1.jpg?fit=1200%2C795&ssl=1&resize=350%2C200 1x, https:\/\/i0.wp.com\/www.gemeinsame-jugendarbeit.de\/wordpress\/wp-content\/uploads\/2015\/08\/DSC_0248-1.jpg?fit=1200%2C795&ssl=1&resize=525%2C300 1.5x, https:\/\/i0.wp.com\/www.gemeinsame-jugendarbeit.de\/wordpress\/wp-content\/uploads\/2015\/08\/DSC_0248-1.jpg?fit=1200%2C795&ssl=1&resize=700%2C400 2x, https:\/\/i0.wp.com\/www.gemeinsame-jugendarbeit.de\/wordpress\/wp-content\/uploads\/2015\/08\/DSC_0248-1.jpg?fit=1200%2C795&ssl=1&resize=1050%2C600 3x"},"classes":[]},{"id":3089,"url":"https:\/\/www.gemeinsame-jugendarbeit.de\/wordpress\/anmeldung-groemitz-2021\/","url_meta":{"origin":2378,"position":3},"title":"Anmeldung Gr\u00f6mitz 2021","author":"schwarze","date":"18. August 2021","format":false,"excerpt":"","rel":"","context":"\u00c4hnlicher Beitrag","block_context":{"text":"\u00c4hnlicher Beitrag","link":""},"img":{"alt_text":"","src":"","width":0,"height":0},"classes":[]},{"id":43,"url":"https:\/\/www.gemeinsame-jugendarbeit.de\/wordpress\/jugendliche\/","url_meta":{"origin":2378,"position":4},"title":"Angebote f\u00fcr Jugendliche","author":"schwarze","date":"16. August 2015","format":false,"excerpt":"Kinder\u00a0\u00a0\u00a0 Gottesdienste \u00a0\u00a0 zur\u00fcck QueensGarden \u00a0 M\u00e4dchen, ab 11 Jahre monatlich, samstags, Begegnungsst\u00e4tte Sch\u00f6tmar Die Jungs\u00a0\u00a0\u00a0 Jungen, ab 11 Jahre montags, 18.00 - 19.30 Uhr, Trinitatiskirche SYou\u00a0\u00a0\u00a0Jugendliche, ab 11 Jahre mittwochs, 18.30 \u2013 20.00 Uhr, Vereinshaus Sylbach HIGH5 \u00a0 Jugendliche, ab 11 Jahre monatlich, sonntags, 17.00 \u2013 20.00 Uhr, Vereinshaus\u2026","rel":"","context":"\u00c4hnlicher Beitrag","block_context":{"text":"\u00c4hnlicher Beitrag","link":""},"img":{"alt_text":"","src":"https:\/\/i0.wp.com\/www.gemeinsame-jugendarbeit.de\/wordpress\/wp-content\/uploads\/2015\/08\/20140528_195825-1-300x225.jpg?resize=350%2C200","width":350,"height":200},"classes":[]},{"id":52,"url":"https:\/\/www.gemeinsame-jugendarbeit.de\/wordpress\/gottesdienste\/","url_meta":{"origin":2378,"position":5},"title":"Gottesdienste f\u00fcr Kinder und Jugendliche","author":"schwarze","date":"16. August 2015","format":false,"excerpt":"Kinder\u00a0\u00a0\u00a0 Jugendliche\u00a0\u00a0\u00a0 zur\u00fcck \u00a0 \u00a0 \u00a0 KiMiKi - KiliansMiniKirche\u00a0 f\u00fcr Kinder von 0-6 Jahre und Eltern 3x im Jahr, samstags, 15.30 Uhr, Kilianskirche Minigottesdienst \u00a0 f\u00fcr Kinder von 0-6 Jahre und Eltern 3x im Jahr,\u00a0\u00a0samstags, 16.00, Kirche Sylbach KiKiKi - KiliansKinderKirche f\u00fcr Kinder von 5-12 Jahre \u00a0\u00a0 jeden 3. Sonntag,\u2026","rel":"","context":"\u00c4hnlicher Beitrag","block_context":{"text":"\u00c4hnlicher Beitrag","link":""},"img":{"alt_text":"","src":"https:\/\/i0.wp.com\/www.gemeinsame-jugendarbeit.de\/wordpress\/wp-content\/uploads\/2015\/08\/yougo-1-300x225.jpg?resize=350%2C200","width":350,"height":200},"classes":[]}],"publishpress_future_action":{"enabled":false,"date":"2026-05-13 20:28:23","action":"change-status","newStatus":"draft","terms":[],"taxonomy":""},"publishpress_future_workflow_manual_trigger":{"enabledWorkflows":[]},"_links":{"self":[{"href":"https:\/\/www.gemeinsame-jugendarbeit.de\/wordpress\/wp-json\/wp\/v2\/pages\/2378"}],"collection":[{"href":"https:\/\/www.gemeinsame-jugendarbeit.de\/wordpress\/wp-json\/wp\/v2\/pages"}],"about":[{"href":"https:\/\/www.gemeinsame-jugendarbeit.de\/wordpress\/wp-json\/wp\/v2\/types\/page"}],"author":[{"embeddable":true,"href":"https:\/\/www.gemeinsame-jugendarbeit.de\/wordpress\/wp-json\/wp\/v2\/users\/1"}],"replies":[{"embeddable":true,"href":"https:\/\/www.gemeinsame-jugendarbeit.de\/wordpress\/wp-json\/wp\/v2\/comments?post=2378"}],"version-history":[{"count":3,"href":"https:\/\/www.gemeinsame-jugendarbeit.de\/wordpress\/wp-json\/wp\/v2\/pages\/2378\/revisions"}],"predecessor-version":[{"id":2385,"href":"https:\/\/www.gemeinsame-jugendarbeit.de\/wordpress\/wp-json\/wp\/v2\/pages\/2378\/revisions\/2385"}],"wp:attachment":[{"href":"https:\/\/www.gemeinsame-jugendarbeit.de\/wordpress\/wp-json\/wp\/v2\/media?parent=2378"}],"curies":[{"name":"wp","href":"https:\/\/api.w.org\/{rel}","templated":true}]}}